

{"id":888,"date":"2020-03-13T17:03:53","date_gmt":"2020-03-13T16:03:53","guid":{"rendered":"https:\/\/dornisoft.es\/dorniblog\/?page_id=888"},"modified":"2020-03-13T17:03:55","modified_gmt":"2020-03-13T16:03:55","slug":"aplicaciones-fecha-y-hora","status":"publish","type":"page","link":"https:\/\/dornisoft.es\/dorniblog\/aplicaciones-fecha-y-hora\/","title":{"rendered":"Aplicaciones fecha y hora"},"content":{"rendered":"\n<p>Comprueba a\u00f1os bisiestos, a\u00f1os Xacobeos o a\u00f1os Santos, calendarios identicos y temporizador en segundos<\/p>\n","protected":false},"excerpt":{"rendered":"<p>Comprueba a\u00f1os bisiestos, a\u00f1os Xacobeos o a\u00f1os Santos, calendarios identicos y temporizador en segundos<\/p>\n","protected":false},"author":1,"featured_media":0,"parent":0,"menu_order":0,"comment_status":"closed","ping_status":"closed","template":"","meta":{"footnotes":""},"class_list":["post-888","page","type-page","status-publish","hentry"],"_links":{"self":[{"href":"https:\/\/dornisoft.es\/dorniblog\/wp-json\/wp\/v2\/pages\/888","targetHints":{"allow":["GET"]}}],"collection":[{"href":"https:\/\/dornisoft.es\/dorniblog\/wp-json\/wp\/v2\/pages"}],"about":[{"href":"https:\/\/dornisoft.es\/dorniblog\/wp-json\/wp\/v2\/types\/page"}],"author":[{"embeddable":true,"href":"https:\/\/dornisoft.es\/dorniblog\/wp-json\/wp\/v2\/users\/1"}],"replies":[{"embeddable":true,"href":"https:\/\/dornisoft.es\/dorniblog\/wp-json\/wp\/v2\/comments?post=888"}],"version-history":[{"count":1,"href":"https:\/\/dornisoft.es\/dorniblog\/wp-json\/wp\/v2\/pages\/888\/revisions"}],"predecessor-version":[{"id":889,"href":"https:\/\/dornisoft.es\/dorniblog\/wp-json\/wp\/v2\/pages\/888\/revisions\/889"}],"wp:attachment":[{"href":"https:\/\/dornisoft.es\/dorniblog\/wp-json\/wp\/v2\/media?parent=888"}],"curies":[{"name":"wp","href":"https:\/\/api.w.org\/{rel}","templated":true}]}}