

{"id":860,"date":"2020-03-10T21:45:08","date_gmt":"2020-03-10T20:45:08","guid":{"rendered":"https:\/\/dornisoft.es\/dorniblog\/?page_id=860"},"modified":"2020-03-10T23:01:01","modified_gmt":"2020-03-10T22:01:01","slug":"anos-con-calendario-identico","status":"publish","type":"page","link":"https:\/\/dornisoft.es\/dorniblog\/anos-con-calendario-identico\/","title":{"rendered":"A\u00f1os con calendario id\u00e9ntico"},"content":{"rendered":"\n<p>Con esta  aplicacion podr\u00e1s saber que a\u00f1os(desde el a\u00f1o 0 hasta el 2100) tienen el mismo calendario.<\/p>\n\n\n\n","protected":false},"excerpt":{"rendered":"<p>Con esta aplicacion podr\u00e1s saber que a\u00f1os(desde el a\u00f1o 0 hasta el 2100) tienen el mismo calendario.<\/p>\n","protected":false},"author":1,"featured_media":0,"parent":0,"menu_order":0,"comment_status":"closed","ping_status":"closed","template":"","meta":{"footnotes":""},"class_list":["post-860","page","type-page","status-publish","hentry"],"_links":{"self":[{"href":"https:\/\/dornisoft.es\/dorniblog\/wp-json\/wp\/v2\/pages\/860","targetHints":{"allow":["GET"]}}],"collection":[{"href":"https:\/\/dornisoft.es\/dorniblog\/wp-json\/wp\/v2\/pages"}],"about":[{"href":"https:\/\/dornisoft.es\/dorniblog\/wp-json\/wp\/v2\/types\/page"}],"author":[{"embeddable":true,"href":"https:\/\/dornisoft.es\/dorniblog\/wp-json\/wp\/v2\/users\/1"}],"replies":[{"embeddable":true,"href":"https:\/\/dornisoft.es\/dorniblog\/wp-json\/wp\/v2\/comments?post=860"}],"version-history":[{"count":2,"href":"https:\/\/dornisoft.es\/dorniblog\/wp-json\/wp\/v2\/pages\/860\/revisions"}],"predecessor-version":[{"id":870,"href":"https:\/\/dornisoft.es\/dorniblog\/wp-json\/wp\/v2\/pages\/860\/revisions\/870"}],"wp:attachment":[{"href":"https:\/\/dornisoft.es\/dorniblog\/wp-json\/wp\/v2\/media?parent=860"}],"curies":[{"name":"wp","href":"https:\/\/api.w.org\/{rel}","templated":true}]}}