

{"id":8,"date":"2019-03-04T18:38:42","date_gmt":"2019-03-04T17:38:42","guid":{"rendered":"https:\/\/dornisoft.es\/dorniblog\/?page_id=8"},"modified":"2026-02-27T13:34:39","modified_gmt":"2026-02-27T12:34:39","slug":"inicio","status":"publish","type":"page","link":"https:\/\/dornisoft.es\/dorniblog\/","title":{"rendered":""},"content":{"rendered":"\n<figure class=\"wp-block-image size-full\"><img loading=\"lazy\" decoding=\"async\" width=\"800\" height=\"200\" src=\"https:\/\/dornisoft.es\/dorniblog\/wp-content\/uploads\/2025\/07\/4321dornisoft.gif\" alt=\"\" class=\"wp-image-2611\"\/><\/figure>\n\n\n\n<\/BR>\n<BR>\n<p>\u00a1\u00a1 Bienvenido a DorniSoft !!<\/p>\n<p>Inform\u00e1tica y electr\u00f3nica desde 1984<\/p>\n<p>Este sitio esta dedicado a la inform\u00e1tica, deportes y m\u00fasica.<br>Somos un grupo de profesionales inf\u00f3rmaticos, nos ocupamos de crear aplicaciones web, en este momento contamos con una serie de aplicaciones de las que puedes disfrutar, te las explicaremos a continuaci\u00f3n.<\/p>\n\n<p>&nbsp;<\/p>\n\n\n<div class=\"wp-block-image\">\n<figure class=\"aligncenter size-full\"><img loading=\"lazy\" decoding=\"async\" width=\"463\" height=\"270\" src=\"https:\/\/dornisoft.es\/dorniblog\/wp-content\/uploads\/2025\/10\/Sonometro.png\" alt=\"\" class=\"wp-image-2716\" srcset=\"https:\/\/dornisoft.es\/dorniblog\/wp-content\/uploads\/2025\/10\/Sonometro.png 463w, https:\/\/dornisoft.es\/dorniblog\/wp-content\/uploads\/2025\/10\/Sonometro-300x175.png 300w\" sizes=\"auto, (max-width: 463px) 85vw, 463px\" \/><\/figure><\/div>\n\n\n<button class=\"btn\" id=\"ruso\" type=\"button\" onclick=\"window.location.href='https:\/\/dornisoft.es\/dorniblog\/sonometro-15004-a-coruna\/'\">Son\u00f3metro<\/button>\n\n<p>Con esta aplicaci\u00f3n podr\u00e1s consultar la estaci\u00f3n meteorologica de DorniSoft y el s\u00f3nometro para analizar el ruido de la zona.<\/p>\n<p>&nbsp;<\/p>\n\n<button class=\"btn\" type=\"button\" onclick=\"window.location.href='https:\/\/dornisoft.es\/dornioraculo'\">DorniOraculo<\/button>\n\n<p>Con esta aplicaci\u00f3n podr\u00e1s saber el estado de los palanetas en tiempo real, y las graficas con su consiguiente influencia planetarias, en la zona de Galicia.<\/p>\n<p>&nbsp;<\/p>\n\n<button class=\"btn\" type=\"button\" onclick=\"window.location.href='http:\/\/dornisoft.es\/palabras'\">PALABRA DEL DIA<\/button>\n\n<a href=\"https:\/\/dornisoft.es\/palabras\"><img decoding=\"async\" src=\"https:\/\/dornisoft.es\/dorni-api\/frames\/frame.gif\"><\/a>\n<\/BR>\n<BR>\n<p>&nbsp;<\/p>\n\n<button class=\"btn\" type=\"button\" onclick=\"window.location.href='http:\/\/wind.dornisoft.es'\">Prevision Mar<\/button>\n\n\n\n<p>Con esta web podras estar informado de la previsi\u00f3n de tiempo, mareas y oleaje en A Coru\u00f1a. Y puedes consultar la previsi\u00f3n del mar en una fecha determinada desde el 8 de Julio de 2020 hasta la fecha actual.<\/p>\n<p>&nbsp;<\/p>\n\n<button class=\"btn\" id=\"ruso\" type=\"button\" onclick=\"window.location.href='https:\/\/dornisoft.es\/sudoku'\">Resolver Sudoku<\/button>\n\n<p>Con esta aplicaci\u00f3n podr\u00e1s resolver los sudokus que tengan soluci\u00f3n.<\/p>\n<p>&nbsp;<\/p>\n\n<button class=\"btn\" type=\"button\" onclick=\"window.location.href='https:\/\/dornisoft.es\/dorniblog\/index.php\/anos-con-calendario-identico\/'\">A\u00f1os con calendarios id\u00e9nticos<\/button>\n\n<p>Con esta aplicaci\u00f3n podras comprobar los a\u00f1os que tienen el mismo calendario por ejemplo el 2020 empez\u00f3 en miercoles y es bisiesto como el a\u00f1o 1992, 1964 &#8230;<\/p>\n<p>&nbsp;<\/p>\n<button class=\"btn\" type=\"button\" onclick=\"window.location.href='https:\/\/dornisoft.es\/preguntas'\">Preguntas Cervantes<\/button>\n\n<p>Un peque\u00f1o test de 3 preguntas sobre Cervantes, averigua lo que sabes sobre el autor .<\/p>\n<p>&nbsp;<\/p>\n\n<button class=\"btn\" type=\"button\" onclick=\"window.location.href='https:\/\/dornisoft.es\/temporizador'\">Temporizador<\/button>\n\n<p>Pon una cuenta atras en segundos.<\/p>\n\n\n<div id=\"metaslider-id-2538\" style=\"width: 100%; margin: 0 auto;\" class=\"ml-slider-3-105-0 metaslider metaslider-flex metaslider-2538 ml-slider has-dots-nav ms-theme-default-base\" role=\"region\" aria-label=\"Nueva presentaci\u00f3n de diapositivas\" data-height=\"60\" data-width=\"467\">\n    <div id=\"metaslider_container_2538\">\n        <div id=\"metaslider_2538\">\n            <ul class='slides'>\n                <li style=\"display: block; width: 100%;\" class=\"slide-2546 ms-image \" aria-roledescription=\"slide\" data-date=\"2025-04-06 14:03:22\" data-filename=\"banneroraculo.jpg\" data-slide-type=\"image\"><a href=\"https:\/\/dornisoft.es\/dornioraculo\" target=\"_blank\" aria-label=\"Ver detalles de la diapositiva\" class=\"metaslider_image_link\"><img loading=\"lazy\" decoding=\"async\" src=\"https:\/\/dornisoft.es\/dorniblog\/wp-content\/uploads\/2025\/04\/banneroraculo.jpg\" height=\"60\" width=\"467\" alt=\"\" class=\"slider-2538 slide-2546 msDefaultImage\" title=\"banneroraculo\" \/><\/a><\/li>\n                <li style=\"display: none; width: 100%;\" class=\"slide-2567 ms-image \" aria-roledescription=\"slide\" data-date=\"2025-04-20 17:08:14\" data-filename=\"banner-dornichat.png\" data-slide-type=\"image\"><a href=\"https:\/\/dornisoft.es\/chat\" target=\"_blank\" aria-label=\"DorniChat\" class=\"metaslider_image_link\"><img loading=\"lazy\" decoding=\"async\" src=\"https:\/\/dornisoft.es\/dorniblog\/wp-content\/uploads\/2025\/04\/banner-dornichat.png\" height=\"60\" width=\"467\" alt=\"\" class=\"slider-2538 slide-2567 msDefaultImage\" title=\"banner-dornichat\" \/><\/a><\/li>\n                <li style=\"display: none; width: 100%;\" class=\"slide-2562 ms-image \" aria-roledescription=\"slide\" data-date=\"2025-04-15 23:09:24\" data-filename=\"bannermercadorni.png\" data-slide-type=\"image\"><a href=\"https:\/\/dornisoft.es\/mercadorni\" target=\"_blank\" aria-label=\"Ver detalles de la diapositiva\" class=\"metaslider_image_link\"><img loading=\"lazy\" decoding=\"async\" src=\"https:\/\/dornisoft.es\/dorniblog\/wp-content\/uploads\/2025\/04\/bannermercadorni.png\" height=\"60\" width=\"467\" alt=\"\" class=\"slider-2538 slide-2562 msDefaultImage\" title=\"bannermercadorni\" \/><\/a><\/li>\n                <li style=\"display: none; width: 100%;\" class=\"slide-2543 ms-image \" aria-roledescription=\"slide\" data-date=\"2025-04-06 14:03:22\" data-filename=\"4-TRON.png\" data-slide-type=\"image\"><a href=\"https:\/\/dornisoft.es\/dorniblog\/index.php\/descargas\/\" target=\"_blank\" aria-label=\"Ver detalles de la diapositiva\" class=\"metaslider_image_link\"><img loading=\"lazy\" decoding=\"async\" src=\"https:\/\/dornisoft.es\/dorniblog\/wp-content\/uploads\/2025\/04\/4-TRON.png\" height=\"60\" width=\"467\" alt=\"\" class=\"slider-2538 slide-2543 msDefaultImage\" title=\"4-TRON\" \/><\/a><\/li>\n                <li style=\"display: none; width: 100%;\" class=\"slide-2545 ms-image \" aria-roledescription=\"slide\" data-date=\"2025-04-06 14:03:22\" data-filename=\"1-dorniapp-467x60.jpg\" data-slide-type=\"image\"><a href=\"https:\/\/dornisoft.es\/dorniblog\/index.php\/descargas\/\" target=\"_blank\" aria-label=\"Ver detalles de la diapositiva\" class=\"metaslider_image_link\"><img loading=\"lazy\" decoding=\"async\" src=\"https:\/\/dornisoft.es\/dorniblog\/wp-content\/uploads\/2025\/04\/1-dorniapp-467x60.jpg\" height=\"60\" width=\"467\" alt=\"\" class=\"slider-2538 slide-2545 msDefaultImage\" title=\"1-dorniapp\" \/><\/a><\/li>\n            <\/ul>\n        <\/div>\n        \n    <\/div>\n<\/div>\n\n\n\n<p>&nbsp;<\/p>\n\n<button class=\"btn\" type=\"button\" onclick=\"window.location.href='https:\/\/dornisoft.es\/tengosed'\">TengoSed<\/button>\n\n<p>Es una aplicaci\u00f3n en la que la intenci\u00f3n es tener localizadas las fuentes de agua de la ciudad de A Coru\u00f1a, como no disponemos de la localizaci\u00f3n de todas las fuentes, proponemos la colaboraci\u00f3n de los usuarios para localizar las fuentes, a\u00f1adiendo la localizaci\u00f3n de las fuentes que conozcas. Disponemos de unas 60 fuentes localizadas, puedes subir fotos y comentarios de las fuentes para saber en que estado se encuentran.<\/p>\n<p>&nbsp;<\/p>\n<button class=\"btn\" type=\"button\" onclick=\"window.location.href='https:\/\/dornisoft.es\/pachanga'\">Pachanga<\/button>\n<p>Con la aplicaci\u00f3n Pachanga podr\u00e1s contactar con gente para jugar partidos de diferentes deportes (ajedrez, futbol, baloncesto, tenis, pinpong, padel) mediante un registro en la aplicaci\u00f3n podras crear un partido del deporte que mas te guste(tendr\u00e1s que situar el lugar del partido en un mapa para que los otros usuarios puedan encontrar la ubicaci\u00f3n del partido y asi poder jugarlo) y los usuarios de la aplicaci\u00f3n se iran apuntando. Luego podr\u00e1s votar por la deportividad de tus compa\u00f1eros y al acabar el encuentro tendr\u00e1s la opci\u00f3n de editar el resultado y asi conseguir puntos de calidad en tu perfil.<\/p>\n<p>&nbsp;<\/p>\n<button class=\"btn\" type=\"button\" onclick=\"window.location.href='https:\/\/dornisoft.es\/palabras'\">Juego Ahorcado<\/button>\n<p>Si te gustan los juegos de palabras, con el juego del ahorcado podras divertirte acertando la palabra en menos de 8 intentos, contamos con una base de datos de 91000 palabras.<\/p>\n<p>&nbsp;<\/p>\n<button class=\"btn\" type=\"button\" onclick=\"window.location.href='https:\/\/dornisoft.es\/dorniblog\/index.php\/calculadora-anos-xacobeos\/'\">Calculadora a\u00f1os xacobeos<\/button>\n<p>Con esta calculadora podr\u00e1s calcular los a\u00f1os Xacobeos o a\u00f1os Santos desde 1126 (primer a\u00f1o Santo)<\/p>\n\n<p>&nbsp;<\/p>\n<button class=\"btn\" type=\"button\" onclick=\"window.location.href='https:\/\/dornisoft.es\/preguntas'\">Preguntas sobre Cervantes<\/button>\n<p>Con este peque\u00f1o test puedes poner en pr\u00e1ctica tus conocimientos sobre la vida de Cervantes, para empezar te pedimos que indiques tu nombre y luego que respondas al test de 3 preguntas, al final apaerecer\u00e1 el ranking con la posici\u00f3n en la que te encuentras<\/p>\n<p>&nbsp;<\/p>\n<button class=\"btn\" type=\"button\" onclick=\"window.location.href='https:\/\/dornisoft.es\/dorniblog\/index.php\/calculadora-de-anos-bisiestos\/'\">Calculadora a\u00f1os bisiestos<\/button>\n<p>Con esta calculadora podr\u00e1s calcular los a\u00f1os bisiestos<\/p>\n\n<p>&nbsp;<\/p>\n<button class=\"btn\" type=\"button\" onclick=\"window.location.href='https:\/\/dornisoft.es\/dornishop'\">DorniShop<\/button>\n<p>Ya puedes comprar en DorniShop Aplicaciones como un temporizador para PC o el juego Dorni-Tron paga de forma segura con Pay-Pal<\/p>\n<br>\n\n\n<div id=\"metaslider-id-421\" style=\"width: 100%;\" class=\"ml-slider-3-105-0 metaslider metaslider-flex metaslider-421 ml-slider ms-theme-disjoint nav-hidden nav-hidden\" role=\"region\" aria-label=\"Nueva presentaci\u00f3n de diapositivas\" data-height=\"300\" data-width=\"700\">\n    <div id=\"metaslider_container_421\">\n        <div id=\"metaslider_421\">\n            <ul class='slides'>\n                <li style=\"display: block; width: 100%;\" class=\"slide-423 ms-image \" aria-roledescription=\"slide\" data-date=\"2019-06-16 21:09:02\" data-filename=\"dsa-700x300.jpg\" data-slide-type=\"image\"><a href=\"https:\/\/dornisoft.es\/dorniblog\/wp-content\/uploads\/2020\/03\/dsa.jpg\" target=\"_self\" aria-label=\"Ver detalles de la diapositiva\" class=\"metaslider_image_link\"><img loading=\"lazy\" decoding=\"async\" src=\"https:\/\/dornisoft.es\/dorniblog\/wp-content\/uploads\/2020\/03\/dsa-700x300.jpg\" height=\"300\" width=\"700\" alt=\"\" class=\"slider-421 slide-423 msDefaultImage\" title=\"dsa\" \/><\/a><\/li>\n                <li style=\"display: none; width: 100%;\" class=\"slide-422 ms-image \" aria-roledescription=\"slide\" data-date=\"2019-06-16 21:08:40\" data-filename=\"DSC07684-700x300.jpg\" data-slide-type=\"image\"><a href=\"https:\/\/dornisoft.es\/dorniblog\/wp-content\/uploads\/2019\/04\/DSC07684.jpg\" target=\"_self\" aria-label=\"Ver detalles de la diapositiva\" class=\"metaslider_image_link\"><img loading=\"lazy\" decoding=\"async\" src=\"https:\/\/dornisoft.es\/dorniblog\/wp-content\/uploads\/2019\/04\/DSC07684-700x300.jpg\" height=\"300\" width=\"700\" alt=\"\" class=\"slider-421 slide-422 msDefaultImage\" title=\"DSC07684\" \/><\/a><\/li>\n                <li style=\"display: none; width: 100%;\" class=\"slide-424 ms-image \" aria-roledescription=\"slide\" data-date=\"2019-06-16 21:09:26\" data-filename=\"DSC07643-700x300.jpg\" data-slide-type=\"image\"><a href=\"https:\/\/dornisoft.es\/dorniblog\/index.php\/2019\/03\/13\/computadoras-en-los-anos-70\/\" target=\"_self\" aria-label=\"Ver detalles de la diapositiva\" class=\"metaslider_image_link\"><img loading=\"lazy\" decoding=\"async\" src=\"https:\/\/dornisoft.es\/dorniblog\/wp-content\/uploads\/2019\/03\/DSC07643-700x300.jpg\" height=\"300\" width=\"700\" alt=\"\" class=\"slider-421 slide-424 msDefaultImage\" title=\"DSC07643\" \/><\/a><\/li>\n                <li style=\"display: none; width: 100%;\" class=\"slide-425 ms-image \" aria-roledescription=\"slide\" data-date=\"2019-06-16 21:10:06\" data-filename=\"DSC07648-700x300.jpg\" data-slide-type=\"image\"><a href=\"https:\/\/dornisoft.es\/dorniblog\/index.php\/2019\/03\/13\/computadoras-en-los-anos-70\/\" target=\"_self\" aria-label=\"Ver detalles de la diapositiva\" class=\"metaslider_image_link\"><img loading=\"lazy\" decoding=\"async\" src=\"https:\/\/dornisoft.es\/dorniblog\/wp-content\/uploads\/2019\/03\/DSC07648-700x300.jpg\" height=\"300\" width=\"700\" alt=\"\" class=\"slider-421 slide-425 msDefaultImage\" title=\"DSC07648\" \/><\/a><\/li>\n            <\/ul>\n        <\/div>\n        \n    <\/div>\n<\/div>\n\n\n\n<h3>BLOG Y SERVICIOS<\/h3>\n<p>Nuestro blog tiene articulos sobre inform\u00e1tica, deportes y m\u00fasica.<br>Hablamos sobre los temas que nos parecen interesantes, como criptograf\u00eda, historia de la computaci\u00f3n, programaci\u00f3n, deportes y m\u00fasica aunque estamos abiertos a hablar de temas que os interesen a vosotros asi que si quereis que hablemos de un tema en particular poneros en contacto con nosotros y haremos todo lo posible.<\/p>\n<p>&nbsp;<\/p>\n<button class=\"btn\" type=\"button\" onclick=\"window.location.href='https:\/\/dornisoft.es\/dorniblog\/index.php\/blog\/'\">Blog<\/button>\n<p>Tambi\u00e9n disponemos de servicios inform\u00e1ticos para quien quiera trabajar:<br>Ofrecemos servicios de inform\u00e1tica y telecomunicaciones, tales como gesti\u00f3n de redes, programaci\u00f3n de aplicaciones web, administraci\u00f3n de servidores web, configuraci\u00f3n de equipos, digitalizacion de documentos y conversi\u00f3n de formatos de archivos.<\/p>\n<p>Las tarifas varian seg\u00fan el trabajo, puede pedir trabajo sin compromiso en<\/p>\n<p><button class=\"btn\" type=\"button\" onclick=\"window.location.href='https:\/\/dornisoft.es\/dornishop\/contratar.php\/'\">Pedir Trabajo<\/button> <\/p>\n\n\n\n<p><\/p>\n\n\n\n<h3>NUESTRO EQUIPO<\/h3>\n<p>Nuestro Equipo consta de estos cuatro integrantes para el desarrollo de los campos correspondientes.<\/p>\n\n\n\n<figure class=\"wp-block-image size-large is-resized\"><img loading=\"lazy\" decoding=\"async\" width=\"982\" height=\"1393\" src=\"https:\/\/dornisoft.es\/dorniblog\/wp-content\/uploads\/2025\/11\/dorni-lab-gris-tester-edited.jpg\" alt=\"\" class=\"wp-image-2728\" style=\"width:594px;height:auto\" srcset=\"https:\/\/dornisoft.es\/dorniblog\/wp-content\/uploads\/2025\/11\/dorni-lab-gris-tester-edited.jpg 982w, https:\/\/dornisoft.es\/dorniblog\/wp-content\/uploads\/2025\/11\/dorni-lab-gris-tester-edited-211x300.jpg 211w, https:\/\/dornisoft.es\/dorniblog\/wp-content\/uploads\/2025\/11\/dorni-lab-gris-tester-edited-722x1024.jpg 722w, https:\/\/dornisoft.es\/dorniblog\/wp-content\/uploads\/2025\/11\/dorni-lab-gris-tester-edited-768x1089.jpg 768w\" sizes=\"auto, (max-width: 709px) 85vw, (max-width: 909px) 67vw, (max-width: 1362px) 62vw, 840px\" \/><\/figure>\n","protected":false},"excerpt":{"rendered":"<p>\u00a1\u00a1 Bienvenido a DorniSoft !! Inform\u00e1tica y electr\u00f3nica desde 1984 Este sitio esta dedicado a la inform\u00e1tica, deportes y m\u00fasica.Somos un grupo de profesionales inf\u00f3rmaticos, nos ocupamos de crear aplicaciones web, en este momento contamos con una serie de aplicaciones de las que puedes disfrutar, te las explicaremos a continuaci\u00f3n. &nbsp; Son\u00f3metro Con esta aplicaci\u00f3n &hellip; <a href=\"https:\/\/dornisoft.es\/dorniblog\/\" class=\"more-link\">Continuar leyendo<span class=\"screen-reader-text\"> \u00ab\u00bb<\/span><\/a><\/p>\n","protected":false},"author":1,"featured_media":0,"parent":0,"menu_order":0,"comment_status":"closed","ping_status":"closed","template":"","meta":{"footnotes":""},"class_list":["post-8","page","type-page","status-publish","hentry"],"_links":{"self":[{"href":"https:\/\/dornisoft.es\/dorniblog\/wp-json\/wp\/v2\/pages\/8","targetHints":{"allow":["GET"]}}],"collection":[{"href":"https:\/\/dornisoft.es\/dorniblog\/wp-json\/wp\/v2\/pages"}],"about":[{"href":"https:\/\/dornisoft.es\/dorniblog\/wp-json\/wp\/v2\/types\/page"}],"author":[{"embeddable":true,"href":"https:\/\/dornisoft.es\/dorniblog\/wp-json\/wp\/v2\/users\/1"}],"replies":[{"embeddable":true,"href":"https:\/\/dornisoft.es\/dorniblog\/wp-json\/wp\/v2\/comments?post=8"}],"version-history":[{"count":104,"href":"https:\/\/dornisoft.es\/dorniblog\/wp-json\/wp\/v2\/pages\/8\/revisions"}],"predecessor-version":[{"id":2864,"href":"https:\/\/dornisoft.es\/dorniblog\/wp-json\/wp\/v2\/pages\/8\/revisions\/2864"}],"wp:attachment":[{"href":"https:\/\/dornisoft.es\/dorniblog\/wp-json\/wp\/v2\/media?parent=8"}],"curies":[{"name":"wp","href":"https:\/\/api.w.org\/{rel}","templated":true}]}}