

{"id":399,"date":"2019-06-15T20:14:37","date_gmt":"2019-06-15T18:14:37","guid":{"rendered":"https:\/\/dornisoft.es\/dorniblog\/?page_id=399"},"modified":"2019-06-20T16:54:00","modified_gmt":"2019-06-20T14:54:00","slug":"calculadora-anos-xacobeos","status":"publish","type":"page","link":"https:\/\/dornisoft.es\/dorniblog\/calculadora-anos-xacobeos\/","title":{"rendered":"Calculadora a\u00f1os xacobeos"},"content":{"rendered":"[useful_banner_manager banners=1 count=1]\n\n\n\n<p>Los a\u00f1os Xacobeos o a\u00f1os Santos son los que el 25 de Julio cae en Domingo.<br>El primer a\u00f1o Santo fu\u00e9 el 1126.<br>Escribe un rango de a\u00f1os para calcular los a\u00f1os Xacobeos:<\/p>\n\n\n\n","protected":false},"excerpt":{"rendered":"<p>Los a\u00f1os Xacobeos o a\u00f1os Santos son los que el 25 de Julio cae en Domingo.El primer a\u00f1o Santo fu\u00e9 el 1126.Escribe un rango de a\u00f1os para calcular los a\u00f1os Xacobeos:<\/p>\n","protected":false},"author":1,"featured_media":0,"parent":0,"menu_order":0,"comment_status":"open","ping_status":"closed","template":"","meta":{"footnotes":""},"class_list":["post-399","page","type-page","status-publish","hentry"],"_links":{"self":[{"href":"https:\/\/dornisoft.es\/dorniblog\/wp-json\/wp\/v2\/pages\/399","targetHints":{"allow":["GET"]}}],"collection":[{"href":"https:\/\/dornisoft.es\/dorniblog\/wp-json\/wp\/v2\/pages"}],"about":[{"href":"https:\/\/dornisoft.es\/dorniblog\/wp-json\/wp\/v2\/types\/page"}],"author":[{"embeddable":true,"href":"https:\/\/dornisoft.es\/dorniblog\/wp-json\/wp\/v2\/users\/1"}],"replies":[{"embeddable":true,"href":"https:\/\/dornisoft.es\/dorniblog\/wp-json\/wp\/v2\/comments?post=399"}],"version-history":[{"count":5,"href":"https:\/\/dornisoft.es\/dorniblog\/wp-json\/wp\/v2\/pages\/399\/revisions"}],"predecessor-version":[{"id":543,"href":"https:\/\/dornisoft.es\/dorniblog\/wp-json\/wp\/v2\/pages\/399\/revisions\/543"}],"wp:attachment":[{"href":"https:\/\/dornisoft.es\/dorniblog\/wp-json\/wp\/v2\/media?parent=399"}],"curies":[{"name":"wp","href":"https:\/\/api.w.org\/{rel}","templated":true}]}}