

{"id":389,"date":"2019-06-12T16:31:39","date_gmt":"2019-06-12T14:31:39","guid":{"rendered":"https:\/\/dornisoft.es\/dorniblog\/?page_id=389"},"modified":"2025-09-20T01:20:23","modified_gmt":"2025-09-19T23:20:23","slug":"descargas","status":"publish","type":"page","link":"https:\/\/dornisoft.es\/dorniblog\/descargas\/","title":{"rendered":"Descargas"},"content":{"rendered":"\n<span class=\"collapseomatic  colomat-close\" id=\"id69dc13e3ee028\"  tabindex=\"0\" title=\"DORNISOFT ANDROID APP\"    >DORNISOFT ANDROID APP<\/span><span id='swap-id69dc13e3ee028'  class='colomat-swap' style='display:none;'>DORNISOFT ANDROID APP<\/span><div id=\"target-id69dc13e3ee028\" class=\"collapseomatic_content \">\n<span class=\"collapseomatic \" id=\"id69dc13e3ee0b0\"  tabindex=\"0\" title=\"Android App Version 1.0\"    >Android App Version 1.0<\/span><span id='swap-id69dc13e3ee0b0'  class='colomat-swap' style='display:none;'>Android App Version 1.0<\/span><div id=\"target-id69dc13e3ee0b0\" class=\"collapseomatic_content \">\n<p>Ya puedes descargar la app de DorniSoft<\/p>\n<div class=\"sdm_download_item \"><div class=\"sdm_download_item_top\"><div class=\"sdm_download_thumbnail\"><img decoding=\"async\" class=\"sdm_download_thumbnail_image\" src=\"https:\/\/dornisoft.es\/dorniblog\/wp-content\/uploads\/2019\/04\/DorniSoftTM.png\" alt = \"DorniSoft Android App\" \/><\/div><div class=\"sdm_download_title\">DorniSoft Android App<\/div><\/div><div style=\"clear:both;\"><\/div><div class=\"sdm_download_description\"><\/div><div class=\"sdm_download_version\"><span class=\"sdm_download_version_label\">Versi\u00f3n:<\/span><span class=\"sdm_download_version_value\">1.0<\/span><\/div><div class=\"sdm_download_date\"><span class=\"sdm_download_date_label\">Publicado:<\/span><span class=\"sdm_download_date_value\">12 junio, 2019<\/span><\/div><div class=\"sdm_download_link\"><span class=\"sdm_download_button\"><a href=\"https:\/\/dornisoft.es\/dorniblog\/?sdm_process_download=1&download_id=388\" class=\"sdm_download green\" title=\"DorniSoft Android App\" target=\"_self\">\u00a1Descarga ahora!<\/a><\/span><span class=\"sdm_download_item_count\"><span class=\"sdm_item_count_number\">209<\/span><span class=\"sdm_item_count_string\"> Descargas<\/span><\/span><\/div><\/div><div class=\"sdm_clear_float\"><\/div>\n\n<\/div>\n<\/div>\n\n<span class=\"collapseomatic  colomat-close\" id=\"id69dc13e3ef6d6\"  tabindex=\"0\" title=\"CALCULADORA.EXE PARA WINDOWS\"    >CALCULADORA.EXE PARA WINDOWS<\/span><span id='swap-id69dc13e3ef6d6'  class='colomat-swap' style='display:none;'>CALCULADORA.EXE PARA WINDOWS<\/span><div id=\"target-id69dc13e3ef6d6\" class=\"collapseomatic_content \">\n<span class=\"collapseomatic \" id=\"id69dc13e3ef726\"  tabindex=\"0\" title=\"Calculadora Version 1.0\"    >Calculadora Version 1.0<\/span><span id='swap-id69dc13e3ef726'  class='colomat-swap' style='display:none;'>Calculadora Version 1.0<\/span><div id=\"target-id69dc13e3ef726\" class=\"collapseomatic_content \">\nYa puedes descargar la calculadora.exe de DorniSoft para sistemas Windows\n<div class=\"sdm_download_item \"><div class=\"sdm_download_item_top\"><div class=\"sdm_download_thumbnail\"><img decoding=\"async\" class=\"sdm_download_thumbnail_image\" src=\"https:\/\/dornisoft.es\/dorniblog\/wp-content\/uploads\/2020\/03\/DorniSoft2.jpg\" alt = \"Calculadora para Windows\" \/><\/div><div class=\"sdm_download_title\">Calculadora para Windows<\/div><\/div><div style=\"clear:both;\"><\/div><div class=\"sdm_download_description\"><\/div><div class=\"sdm_download_version\"><span class=\"sdm_download_version_label\">Versi\u00f3n:<\/span><span class=\"sdm_download_version_value\">1.0<\/span><\/div><div class=\"sdm_download_date\"><span class=\"sdm_download_date_label\">Publicado:<\/span><span class=\"sdm_download_date_value\">26 marzo, 2020<\/span><\/div><div class=\"sdm_download_link\"><span class=\"sdm_download_button\"><a href=\"https:\/\/dornisoft.es\/dorniblog\/?sdm_process_download=1&download_id=918\" class=\"sdm_download green\" title=\"Calculadora para Windows\" target=\"_self\">\u00a1Descarga ahora!<\/a><\/span><span class=\"sdm_download_item_count\"><span class=\"sdm_item_count_number\">152<\/span><span class=\"sdm_item_count_string\"> Descargas<\/span><\/span><\/div><\/div><div class=\"sdm_clear_float\"><\/div>\n<img decoding=\"async\" src=\"https:\/\/dornisoft.es\/dorniblog\/wp-content\/uploads\/2020\/03\/calculadora.png\">\n<\/div>\n<span class=\"collapseomatic \" id=\"id69dc13e3f16ae\"  tabindex=\"0\" title=\"Calculadora Version 2.0\"    >Calculadora Version 2.0<\/span><span id='swap-id69dc13e3f16ae'  class='colomat-swap' style='display:none;'>Calculadora Version 2.0<\/span><div id=\"target-id69dc13e3f16ae\" class=\"collapseomatic_content \">\nLa versi\u00f3n 2.0 de la calculadora hace multiples operaciones sin pulsar =\n<div class=\"sdm_download_item \"><div class=\"sdm_download_item_top\"><div class=\"sdm_download_thumbnail\"><\/div><div class=\"sdm_download_title\">Calculadora 2.0<\/div><\/div><div style=\"clear:both;\"><\/div><div class=\"sdm_download_description\"><\/div><div class=\"sdm_download_version\"><span class=\"sdm_download_version_label\">Versi\u00f3n:<\/span><span class=\"sdm_download_version_value\">2.0<\/span><\/div><div class=\"sdm_download_date\"><span class=\"sdm_download_date_label\">Publicado:<\/span><span class=\"sdm_download_date_value\">5 abril, 2020<\/span><\/div><div class=\"sdm_download_link\"><span class=\"sdm_download_button\"><a href=\"https:\/\/dornisoft.es\/dorniblog\/?sdm_process_download=1&download_id=936\" class=\"sdm_download green\" title=\"Calculadora 2.0\" target=\"_self\">\u00a1Descarga ahora!<\/a><\/span><span class=\"sdm_download_item_count\"><span class=\"sdm_item_count_number\">148<\/span><span class=\"sdm_item_count_string\"> Descargas<\/span><\/span><\/div><\/div><div class=\"sdm_clear_float\"><\/div>\n<img decoding=\"async\" src=\"https:\/\/dornisoft.es\/dorniblog\/wp-content\/uploads\/2020\/04\/calculadora2.png\">\n<\/div>\n<\/div>\n<span class=\"collapseomatic  colomat-close\" id=\"id69dc13e3f354e\"  tabindex=\"0\" title=\"DORNI-RECETAS\"    >DORNI-RECETAS<\/span><span id='swap-id69dc13e3f354e'  class='colomat-swap' style='display:none;'>DORNI-RECETAS<\/span><div id=\"target-id69dc13e3f354e\" class=\"collapseomatic_content \">\n<span class=\"collapseomatic \" id=\"id69dc13e3f358a\"  tabindex=\"0\" title=\"Dorni-Recetas Version 1.0\"    >Dorni-Recetas Version 1.0<\/span><span id='swap-id69dc13e3f358a'  class='colomat-swap' style='display:none;'>Dorni-Recetas Version 1.0<\/span><div id=\"target-id69dc13e3f358a\" class=\"collapseomatic_content \">\n<p>Ya puedes descargar la app de Dorni-Recetas, con ella podras compartir recetas de cocina y gestionar tus propias recetas privadas, disponible versi\u00f3n para Windows, extension exe<\/p>\n<img decoding=\"async\" src=\"https:\/\/dornisoft.es\/dorniblog\/wp-content\/uploads\/2020\/06\/DR.jpg\">\n<div class=\"sdm_download_item \"><div class=\"sdm_download_item_top\"><div class=\"sdm_download_thumbnail\"><\/div><div class=\"sdm_download_title\">Dorni-Recetas<\/div><\/div><div style=\"clear:both;\"><\/div><div class=\"sdm_download_description\"><\/div><div class=\"sdm_download_link\"><span class=\"sdm_download_button\"><a href=\"https:\/\/dornisoft.es\/dorniblog\/?sdm_process_download=1&download_id=996\" class=\"sdm_download green\" title=\"Dorni-Recetas\" target=\"_self\">\u00a1Descarga ahora!<\/a><\/span><span class=\"sdm_download_item_count\"><span class=\"sdm_item_count_number\">240<\/span><span class=\"sdm_item_count_string\"> Descargas<\/span><\/span><\/div><\/div><div class=\"sdm_clear_float\"><\/div>\nTambi\u00e9n est\u00e1 disponible el manual de usuario de la aplicaci\u00f3n\n<div class=\"sdm_download_item \"><div class=\"sdm_download_item_top\"><div class=\"sdm_download_thumbnail\"><\/div><div class=\"sdm_download_title\">Manual usuario Dorni-Recetas<\/div><\/div><div style=\"clear:both;\"><\/div><div class=\"sdm_download_description\"><\/div><div class=\"sdm_download_link\"><span class=\"sdm_download_button\"><a href=\"https:\/\/dornisoft.es\/dorniblog\/?sdm_process_download=1&download_id=1000\" class=\"sdm_download green\" title=\"Manual usuario Dorni-Recetas\" target=\"_self\">\u00a1Descarga ahora!<\/a><\/span><span class=\"sdm_download_item_count\"><span class=\"sdm_item_count_number\">195<\/span><span class=\"sdm_item_count_string\"> Descargas<\/span><\/span><\/div><\/div><div class=\"sdm_clear_float\"><\/div>\n<\/div>\n<\/div>\n<span class=\"collapseomatic  colomat-close\" id=\"id69dc13e4030c5\"  tabindex=\"0\" title=\"DORNI-TEMPORIZADOR\"    >DORNI-TEMPORIZADOR<\/span><span id='swap-id69dc13e4030c5'  class='colomat-swap' style='display:none;'>DORNI-TEMPORIZADOR<\/span><div id=\"target-id69dc13e4030c5\" class=\"collapseomatic_content \">\n<span class=\"collapseomatic \" id=\"id69dc13e403101\"  tabindex=\"0\" title=\"Dorni-Temporizador Version 1.0\"    >Dorni-Temporizador Version 1.0<\/span><span id='swap-id69dc13e403101'  class='colomat-swap' style='display:none;'>Dorni-Temporizador Version 1.0<\/span><div id=\"target-id69dc13e403101\" class=\"collapseomatic_content \">\n<p>Ya puedes descargar la app de Dorni-Temporizador, con ella puedes poner una cuenta atr\u00e1s y una voz amigable te dir\u00e1 cuando ha acabado el tiempo, tambien puedes parar y reanudar el tiempo<\/p>\n<img decoding=\"async\" src=\"https:\/\/dornisoft.es\/dorniblog\/wp-content\/uploads\/2020\/11\/temporizador-cap.png\">\n<div class=\"sdm_download_item \"><div class=\"sdm_download_item_top\"><div class=\"sdm_download_thumbnail\"><\/div><div class=\"sdm_download_title\">Temporizador DorniSoft<\/div><\/div><div style=\"clear:both;\"><\/div><div class=\"sdm_download_description\"><p>El temporizador te permite programar una cuenta atr\u00e1s, pararla y reanudarla.<\/p>\n<\/div><div class=\"sdm_download_size\"><span class=\"sdm_download_size_label\">Tama\u00f1o:<\/span><span class=\"sdm_download_size_value\">2.61KB<\/span><\/div><div class=\"sdm_download_version\"><span class=\"sdm_download_version_label\">Versi\u00f3n:<\/span><span class=\"sdm_download_version_value\">1.0<\/span><\/div><div class=\"sdm_download_date\"><span class=\"sdm_download_date_label\">Publicado:<\/span><span class=\"sdm_download_date_value\">28 noviembre, 2020<\/span><\/div><div class=\"sdm_download_link\"><span class=\"sdm_download_button\"><a href=\"https:\/\/dornisoft.es\/dorniblog\/?sdm_process_download=1&download_id=1123\" class=\"sdm_download green\" title=\"Temporizador DorniSoft\" target=\"_self\">\u00a1Descarga ahora!<\/a><\/span><span class=\"sdm_download_item_count\"><span class=\"sdm_item_count_number\">126<\/span><span class=\"sdm_item_count_string\"> Descargas<\/span><\/span><\/div><\/div><div class=\"sdm_clear_float\"><\/div>\n<\/div>\n<\/div>\n<span class=\"collapseomatic  colomat-close\" id=\"id69dc13e4044ac\"  tabindex=\"0\" title=\"DORNI-TRON\"    >DORNI-TRON<\/span><span id='swap-id69dc13e4044ac'  class='colomat-swap' style='display:none;'>DORNI-TRON<\/span><div id=\"target-id69dc13e4044ac\" class=\"collapseomatic_content \">\n<span class=\"collapseomatic \" id=\"id69dc13e4044eb\"  tabindex=\"0\" title=\"Dorni-Tron Version 1.0\"    >Dorni-Tron Version 1.0<\/span><span id='swap-id69dc13e4044eb'  class='colomat-swap' style='display:none;'>Dorni-Tron Version 1.0<\/span><div id=\"target-id69dc13e4044eb\" class=\"collapseomatic_content \">\n<p>Ya puedes descargar el juego retro de DORNI-TRON para 2 jugadores disponible para sistemas Windows en formato exe<\/p>\n<img decoding=\"async\" src=\"https:\/\/dornisoft.es\/dorniblog\/wp-content\/uploads\/2020\/12\/tron_cap.png\">\n<div class=\"sdm_download_item \"><div class=\"sdm_download_item_top\"><div class=\"sdm_download_thumbnail\"><\/div><div class=\"sdm_download_title\">DORNI-TRON<\/div><\/div><div style=\"clear:both;\"><\/div><div class=\"sdm_download_description\"><p>Dorni-Tron es un juego retro para 2 jugadores que van avanzando por la cuadricula y pierde el que sale de la cuadricula o choca contra alguna de las estelas que los jugadores van dejando<\/p>\n<\/div><div class=\"sdm_download_size\"><span class=\"sdm_download_size_label\">Tama\u00f1o:<\/span><span class=\"sdm_download_size_value\">66.9 KB<\/span><\/div><div class=\"sdm_download_version\"><span class=\"sdm_download_version_label\">Versi\u00f3n:<\/span><span class=\"sdm_download_version_value\">1.0<\/span><\/div><div class=\"sdm_download_date\"><span class=\"sdm_download_date_label\">Publicado:<\/span><span class=\"sdm_download_date_value\">25 diciembre, 2020<\/span><\/div><div class=\"sdm_download_link\"><span class=\"sdm_download_button\"><a href=\"https:\/\/dornisoft.es\/dorniblog\/?sdm_process_download=1&download_id=1156\" class=\"sdm_download green\" title=\"DORNI-TRON\" target=\"_self\">\u00a1Descarga ahora!<\/a><\/span><span class=\"sdm_download_item_count\"><span class=\"sdm_item_count_number\">130<\/span><span class=\"sdm_item_count_string\"> Descargas<\/span><\/span><\/div><\/div><div class=\"sdm_clear_float\"><\/div>\n<\/div>\n<span class=\"collapseomatic \" id=\"id69dc13e405671\"  tabindex=\"0\" title=\"Dorni-Tron-Version 1.0 C\u00f3digo-fuente\"    >Dorni-Tron-Version 1.0 C\u00f3digo-fuente<\/span><span id='swap-id69dc13e405671'  class='colomat-swap' style='display:none;'>Dorni-Tron Version 1.0 C\u00f3digo fuente<\/span><div id=\"target-id69dc13e405671\" class=\"collapseomatic_content \">\n<p>Ya puedes descargar el c\u00f3digo fuente del juego retro de DORNI-TRON para 2 jugadores en un archivo zip. Proyecto para NetBeans<\/p>\n<div class=\"sdm_download_item \"><div class=\"sdm_download_item_top\"><div class=\"sdm_download_thumbnail\"><\/div><div class=\"sdm_download_title\">DORNI-TRON-C\u00f3digo-fuente<\/div><\/div><div style=\"clear:both;\"><\/div><div class=\"sdm_download_description\"><\/div><div class=\"sdm_download_size\"><span class=\"sdm_download_size_label\">Tama\u00f1o:<\/span><span class=\"sdm_download_size_value\">68.5KB<\/span><\/div><div class=\"sdm_download_link\"><span class=\"sdm_download_button\"><a href=\"https:\/\/dornisoft.es\/dorniblog\/?sdm_process_download=1&download_id=1166\" class=\"sdm_download green\" title=\"DORNI-TRON-C\u00f3digo-fuente\" target=\"_self\">\u00a1Descarga ahora!<\/a><\/span><span class=\"sdm_download_item_count\"><span class=\"sdm_item_count_number\">155<\/span><span class=\"sdm_item_count_string\"> Descargas<\/span><\/span><\/div><\/div><div class=\"sdm_clear_float\"><\/div>\n<\/div>\n<span class=\"collapseomatic \" id=\"id69dc13e40686f\"  tabindex=\"0\" title=\"Dorni-Tron Version 2.0\"    >Dorni-Tron Version 2.0<\/span><span id='swap-id69dc13e40686f'  class='colomat-swap' style='display:none;'>Dorni-Tron Version 2.0<\/span><div id=\"target-id69dc13e40686f\" class=\"collapseomatic_content \">\n<p>Ya puedes descargar el juego retro de DORNI-TRON para 2 jugadores disponible para sistemas Windows en formato exe . En esta nueva version podras elegir entre tres velocidades<\/p>\n<img decoding=\"async\" src=\"https:\/\/dornisoft.es\/dorniblog\/wp-content\/uploads\/2021\/05\/velocidad.png\">\n<div class=\"sdm_download_item \"><div class=\"sdm_download_item_top\"><div class=\"sdm_download_thumbnail\"><\/div><div class=\"sdm_download_title\">Dorni-Tron versi\u00f3n 2<\/div><\/div><div style=\"clear:both;\"><\/div><div class=\"sdm_download_description\"><p>Con esta nueva version podr\u00e1s elegir la velocidad de movimiento<\/p>\n<\/div><div class=\"sdm_download_size\"><span class=\"sdm_download_size_label\">Tama\u00f1o:<\/span><span class=\"sdm_download_size_value\">67.4 KB<\/span><\/div><div class=\"sdm_download_version\"><span class=\"sdm_download_version_label\">Versi\u00f3n:<\/span><span class=\"sdm_download_version_value\">2.0<\/span><\/div><div class=\"sdm_download_date\"><span class=\"sdm_download_date_label\">Publicado:<\/span><span class=\"sdm_download_date_value\">5 mayo, 2021<\/span><\/div><div class=\"sdm_download_link\"><span class=\"sdm_download_button\"><a href=\"https:\/\/dornisoft.es\/dorniblog\/?sdm_process_download=1&download_id=1213\" class=\"sdm_download green\" title=\"Dorni-Tron versi\u00f3n 2\" target=\"_self\">\u00a1Descarga ahora!<\/a><\/span><span class=\"sdm_download_item_count\"><span class=\"sdm_item_count_number\">158<\/span><span class=\"sdm_item_count_string\"> Descargas<\/span><\/span><\/div><\/div><div class=\"sdm_clear_float\"><\/div>\n<\/div>\n<\/div>\n<span class=\"collapseomatic  colomat-close\" id=\"id69dc13e407a63\"  tabindex=\"0\" title=\"DOCUMENTOS AUDITORIA DORNISOFT\"    >DOCUMENTOS AUDITORIA DORNISOFT<\/span><span id='swap-id69dc13e407a63'  class='colomat-swap' style='display:none;'>DOCUMENTOS AUDITORIA DORNISOFT<\/span><div id=\"target-id69dc13e407a63\" class=\"collapseomatic_content \">\n<span class=\"collapseomatic \" id=\"id69dc13e407ab5\"  tabindex=\"0\" title=\"DOD N1 Problema Energetico \"    >DOD N1 Problema Energetico <\/span><span id='swap-id69dc13e407ab5'  class='colomat-swap' style='display:none;'>DAD N1 Problema Energetico<\/span><div id=\"target-id69dc13e407ab5\" class=\"collapseomatic_content \">\n<p>Ya puedes descargar los documentos de auditoria de dornisoft del problema energtico<\/p>\n<div class=\"sdm_download_item \"><div class=\"sdm_download_item_top\"><div class=\"sdm_download_thumbnail\"><\/div><div class=\"sdm_download_title\">Diario Oficial Dornisoft N1<\/div><\/div><div style=\"clear:both;\"><\/div><div class=\"sdm_download_description\"><\/div><div class=\"sdm_download_link\"><span class=\"sdm_download_button\"><a href=\"https:\/\/dornisoft.es\/dorniblog\/?sdm_process_download=1&download_id=2477\" class=\"sdm_download green\" title=\"Diario Oficial Dornisoft N1\" target=\"_self\">\u00a1Descarga ahora!<\/a><\/span><span class=\"sdm_download_item_count\"><span class=\"sdm_item_count_number\">118<\/span><span class=\"sdm_item_count_string\"> Descargas<\/span><\/span><\/div><\/div><div class=\"sdm_clear_float\"><\/div>\n<\/div>\n<span class=\"collapseomatic \" id=\"id69dc13e408b73\"  tabindex=\"0\" title=\"DOD N2 Advertencia Dispositivos \"    >DOD N2 Advertencia Dispositivos <\/span><span id='swap-id69dc13e408b73'  class='colomat-swap' style='display:none;'>DOD N2 Advertencia Dispositivos<\/span><div id=\"target-id69dc13e408b73\" class=\"collapseomatic_content \">\n<p>Ya puedes descargar los documentos de auditoria de dornisoft sobre dispositivos electronicos<\/p>\n<div class=\"sdm_download_item \"><div class=\"sdm_download_item_top\"><div class=\"sdm_download_thumbnail\"><\/div><div class=\"sdm_download_title\">Diario Oficial DorniSoft N2<\/div><\/div><div style=\"clear:both;\"><\/div><div class=\"sdm_download_description\"><\/div><div class=\"sdm_download_link\"><span class=\"sdm_download_button\"><a href=\"https:\/\/dornisoft.es\/dorniblog\/?sdm_process_download=1&download_id=2478\" class=\"sdm_download green\" title=\"Diario Oficial DorniSoft N2\" target=\"_self\">\u00a1Descarga ahora!<\/a><\/span><span class=\"sdm_download_item_count\"><span class=\"sdm_item_count_number\">112<\/span><span class=\"sdm_item_count_string\"> Descargas<\/span><\/span><\/div><\/div><div class=\"sdm_clear_float\"><\/div>\n<\/div>\n<span class=\"collapseomatic \" id=\"id69dc13e409c04\"  tabindex=\"0\" title=\"DOD N3 Vivienda \"    >DOD N3 Vivienda <\/span><span id='swap-id69dc13e409c04'  class='colomat-swap' style='display:none;'>DOD N3 Vivienda<\/span><div id=\"target-id69dc13e409c04\" class=\"collapseomatic_content \">\n<p>Ya puedes descargar los documentos de auditoria de dornisoft de Vivienda<\/p>\n<div class=\"sdm_download_item \"><div class=\"sdm_download_item_top\"><div class=\"sdm_download_thumbnail\"><\/div><div class=\"sdm_download_title\">Diario Oficial Dornisoft N3<\/div><\/div><div style=\"clear:both;\"><\/div><div class=\"sdm_download_description\"><\/div><div class=\"sdm_download_link\"><span class=\"sdm_download_button\"><a href=\"https:\/\/dornisoft.es\/dorniblog\/?sdm_process_download=1&download_id=2479\" class=\"sdm_download green\" title=\"Diario Oficial Dornisoft N3\" target=\"_self\">\u00a1Descarga ahora!<\/a><\/span><span class=\"sdm_download_item_count\"><span class=\"sdm_item_count_number\">110<\/span><span class=\"sdm_item_count_string\"> Descargas<\/span><\/span><\/div><\/div><div class=\"sdm_clear_float\"><\/div>\n<\/div>\n<span class=\"collapseomatic \" id=\"id69dc13e40ac8e\"  tabindex=\"0\" title=\"DOD N4 Droga y Sal\u00fad \"    >DOD N4 Droga y Sal\u00fad <\/span><span id='swap-id69dc13e40ac8e'  class='colomat-swap' style='display:none;'>DOD N4 Droga y Sal\u00fad<\/span><div id=\"target-id69dc13e40ac8e\" class=\"collapseomatic_content \">\n<p>Ya puedes descargar los documentos de auditoria de dornisoft de Droga y Sal\u00fad <\/p>\n<div class=\"sdm_download_item \"><div class=\"sdm_download_item_top\"><div class=\"sdm_download_thumbnail\"><\/div><div class=\"sdm_download_title\">Diario Oficial DorniSoft N4<\/div><\/div><div style=\"clear:both;\"><\/div><div class=\"sdm_download_description\"><p><H3 id=\"n4\">N4-Droga y Sal\u00fad<\/H3><\/p>\n<\/div><div class=\"sdm_download_link\"><span class=\"sdm_download_button\"><a href=\"https:\/\/dornisoft.es\/dorniblog\/?sdm_process_download=1&download_id=2512\" class=\"sdm_download green\" title=\"Diario Oficial DorniSoft N4\" target=\"_self\">\u00a1Descarga ahora!<\/a><\/span><span class=\"sdm_download_item_count\"><span class=\"sdm_item_count_number\">115<\/span><span class=\"sdm_item_count_string\"> Descargas<\/span><\/span><\/div><\/div><div class=\"sdm_clear_float\"><\/div>\n<\/div>\n<span class=\"collapseomatic \" id=\"id69dc13e40bd6d\"  tabindex=\"0\" title=\"DOD N5 Energ\u00edas renovables \"    >DOD N5 Energ\u00edas renovables <\/span><span id='swap-id69dc13e40bd6d'  class='colomat-swap' style='display:none;'>DOD N5 Energ\u00edas renovables<\/span><div id=\"target-id69dc13e40bd6d\" class=\"collapseomatic_content \">\n<p>Ya puedes descubrir los documentos de auditoria de dornisoft de Energ\u00edas renovables <\/p><a href=\"https:\/\/dornisoft.es\/mercadorni\/product\/n5-diario-oficial-dornisoft\/\">En MercaDorni<\/a>\n\n<\/div>\n<span class=\"collapseomatic \" id=\"id69dc13e40bd97\"  tabindex=\"0\" title=\"DOD N6 Atencion al usuario de telecomunicaciones \"    >DOD N6 Atencion al usuario de telecomunicaciones <\/span><span id='swap-id69dc13e40bd97'  class='colomat-swap' style='display:none;'>DOD N6 Atencion al usuario de telecomunicaciones<\/span><div id=\"target-id69dc13e40bd97\" class=\"collapseomatic_content \">\n<p>Ya puedes descubrir los documentos de auditoria de dornisoft sobre atenci\u00f3n al usuario de telecomunicaciones<\/p><a href=\"https:\/\/dornisoft.es\/mercadorni\/product\/n6-dod-diario-oficial-dornisoft\/\">En MercaDorni<\/a>\n\n<\/div>\n\n<\/div>\n<span class=\"collapseomatic  colomat-close\" id=\"id69dc13e40bdd5\"  tabindex=\"0\" title=\"CALENDARIOS DORNISOFT\"    >CALENDARIOS DORNISOFT<\/span><span id='swap-id69dc13e40bdd5'  class='colomat-swap' style='display:none;'>CALENDARIOS DORNISOFT<\/span><div id=\"target-id69dc13e40bdd5\" class=\"collapseomatic_content \">\n<span class=\"collapseomatic \" id=\"id69dc13e40be00\"  tabindex=\"0\" title=\"CALENDARIO 2025 DORNISOFT\"    >CALENDARIO 2025 DORNISOFT<\/span><span id='swap-id69dc13e40be00'  class='colomat-swap' style='display:none;'>CALENDARIO 2025 DORNISOFT<\/span><div id=\"target-id69dc13e40be00\" class=\"collapseomatic_content \">\n<div class=\"sdm_download_item \"><div class=\"sdm_download_item_top\"><div class=\"sdm_download_thumbnail\"><\/div><div class=\"sdm_download_title\">CALENDARIO 2025<\/div><\/div><div style=\"clear:both;\"><\/div><div class=\"sdm_download_description\"><p>Calendario 2025 con fases lunares<\/p>\n<\/div><div class=\"sdm_download_link\"><span class=\"sdm_download_button\"><a href=\"https:\/\/dornisoft.es\/dorniblog\/?sdm_process_download=1&download_id=2497\" class=\"sdm_download green\" title=\"CALENDARIO 2025\" target=\"_blank\">\u00a1Descarga ahora!<\/a><\/span><span class=\"sdm_download_item_count\"><span class=\"sdm_item_count_number\">106<\/span><span class=\"sdm_item_count_string\"> Descargas<\/span><\/span><\/div><\/div><div class=\"sdm_clear_float\"><\/div>\n<\/div>\n\n<span class=\"collapseomatic \" id=\"id69dc13e40cf1a\"  tabindex=\"0\" title=\"CALENDARIO 2026 DORNISOFT\"    >CALENDARIO 2026 DORNISOFT<\/span><span id='swap-id69dc13e40cf1a'  class='colomat-swap' style='display:none;'>CALENDARIO 2026 DORNISOFT<\/span><div id=\"target-id69dc13e40cf1a\" class=\"collapseomatic_content \">\n<div class=\"sdm_download_item \"><div class=\"sdm_download_item_top\"><div class=\"sdm_download_thumbnail\"><img decoding=\"async\" class=\"sdm_download_thumbnail_image\" src=\"https:\/\/dornisoft.es\/dorniblog\/wp-content\/uploads\/2025\/08\/Miniatura_calendario2026.png\" alt = \"Calendario Dornisoft 2026\" \/><\/div><div class=\"sdm_download_title\">Calendario Dornisoft 2026<\/div><\/div><div style=\"clear:both;\"><\/div><div class=\"sdm_download_description\"><p>Calendario 2026 con las fases de la luna<\/p>\n<\/div><div class=\"sdm_download_date\"><span class=\"sdm_download_date_label\">Publicado:<\/span><span class=\"sdm_download_date_value\">6 agosto, 2025<\/span><\/div><div class=\"sdm_download_link\"><span class=\"sdm_download_button\"><a href=\"https:\/\/dornisoft.es\/dorniblog\/?sdm_process_download=1&download_id=2623\" class=\"sdm_download green\" title=\"Calendario Dornisoft 2026\" target=\"_blank\">\u00a1Descarga ahora!<\/a><\/span><span class=\"sdm_download_item_count\"><span class=\"sdm_item_count_number\">123<\/span><span class=\"sdm_item_count_string\"> Descargas<\/span><\/span><\/div><\/div><div class=\"sdm_clear_float\"><\/div>\n\n<\/div>\n\n<\/div>\n","protected":false},"excerpt":{"rendered":"","protected":false},"author":1,"featured_media":0,"parent":0,"menu_order":0,"comment_status":"open","ping_status":"closed","template":"","meta":{"footnotes":""},"class_list":["post-389","page","type-page","status-publish","hentry"],"_links":{"self":[{"href":"https:\/\/dornisoft.es\/dorniblog\/wp-json\/wp\/v2\/pages\/389","targetHints":{"allow":["GET"]}}],"collection":[{"href":"https:\/\/dornisoft.es\/dorniblog\/wp-json\/wp\/v2\/pages"}],"about":[{"href":"https:\/\/dornisoft.es\/dorniblog\/wp-json\/wp\/v2\/types\/page"}],"author":[{"embeddable":true,"href":"https:\/\/dornisoft.es\/dorniblog\/wp-json\/wp\/v2\/users\/1"}],"replies":[{"embeddable":true,"href":"https:\/\/dornisoft.es\/dorniblog\/wp-json\/wp\/v2\/comments?post=389"}],"version-history":[{"count":45,"href":"https:\/\/dornisoft.es\/dorniblog\/wp-json\/wp\/v2\/pages\/389\/revisions"}],"predecessor-version":[{"id":2667,"href":"https:\/\/dornisoft.es\/dorniblog\/wp-json\/wp\/v2\/pages\/389\/revisions\/2667"}],"wp:attachment":[{"href":"https:\/\/dornisoft.es\/dorniblog\/wp-json\/wp\/v2\/media?parent=389"}],"curies":[{"name":"wp","href":"https:\/\/api.w.org\/{rel}","templated":true}]}}