

{"id":369,"date":"2019-06-06T19:32:09","date_gmt":"2019-06-06T17:32:09","guid":{"rendered":"https:\/\/dornisoft.es\/dorniblog\/?page_id=369"},"modified":"2019-06-17T21:52:35","modified_gmt":"2019-06-17T19:52:35","slug":"calculadora-de-anos-bisiestos","status":"publish","type":"page","link":"https:\/\/dornisoft.es\/dorniblog\/calculadora-de-anos-bisiestos\/","title":{"rendered":"Calculadora de a\u00f1os bisiestos"},"content":{"rendered":"[useful_banner_manager banners=2 count=1]\n\n\n\n<p>Introduzca un a\u00f1o de inicio y un a\u00f1o de fin para calcular los a\u00f1os bisiestos entre ese rango:<\/p>\n\n\n\n\n\n\n<p><\/p>\n","protected":false},"excerpt":{"rendered":"<p>Introduzca un a\u00f1o de inicio y un a\u00f1o de fin para calcular los a\u00f1os bisiestos entre ese rango:<\/p>\n","protected":false},"author":1,"featured_media":0,"parent":0,"menu_order":0,"comment_status":"open","ping_status":"closed","template":"","meta":{"footnotes":""},"class_list":["post-369","page","type-page","status-publish","hentry"],"_links":{"self":[{"href":"https:\/\/dornisoft.es\/dorniblog\/wp-json\/wp\/v2\/pages\/369","targetHints":{"allow":["GET"]}}],"collection":[{"href":"https:\/\/dornisoft.es\/dorniblog\/wp-json\/wp\/v2\/pages"}],"about":[{"href":"https:\/\/dornisoft.es\/dorniblog\/wp-json\/wp\/v2\/types\/page"}],"author":[{"embeddable":true,"href":"https:\/\/dornisoft.es\/dorniblog\/wp-json\/wp\/v2\/users\/1"}],"replies":[{"embeddable":true,"href":"https:\/\/dornisoft.es\/dorniblog\/wp-json\/wp\/v2\/comments?post=369"}],"version-history":[{"count":6,"href":"https:\/\/dornisoft.es\/dorniblog\/wp-json\/wp\/v2\/pages\/369\/revisions"}],"predecessor-version":[{"id":538,"href":"https:\/\/dornisoft.es\/dorniblog\/wp-json\/wp\/v2\/pages\/369\/revisions\/538"}],"wp:attachment":[{"href":"https:\/\/dornisoft.es\/dorniblog\/wp-json\/wp\/v2\/media?parent=369"}],"curies":[{"name":"wp","href":"https:\/\/api.w.org\/{rel}","templated":true}]}}