

{"id":165,"date":"2019-03-25T13:27:24","date_gmt":"2019-03-25T12:27:24","guid":{"rendered":"https:\/\/dornisoft.es\/dorniblog\/?page_id=165"},"modified":"2026-02-24T23:02:24","modified_gmt":"2026-02-24T22:02:24","slug":"aplicaciones","status":"publish","type":"page","link":"https:\/\/dornisoft.es\/dorniblog\/aplicaciones\/","title":{"rendered":"Aplicaciones"},"content":{"rendered":"\n<p>DorniSoft cuenta actualmente con una serie de aplicaciones web:<\/p>\n\n\n\n<p><a href=\"https:\/\/dornisoft.es\/dorniblog\/index.php\/coronavirus-en-tiempo-real\/\">Covid-19<\/a>: Evoluci\u00f3n de la pandemia en el mundo, Espa\u00f1a y Galicia.<\/p>\n\n\n\n<p><a href=\"http:\/\/wind.dornisoft.es\" target=\"_blank\" rel=\"noreferrer noopener\" aria-label=\"Predicci\u00f3n del tiempo mareas y oleaje en A Coru\u00f1a: (se abre en una nueva pesta\u00f1a)\">Predicci\u00f3n del tiempo mareas y oleaje en A Coru\u00f1a:<\/a> Contamos con predicci\u00f3n del estado del mar y del tiempo con fuentes contrastadas<\/p>\n\n\n\n<p><a href=\"http:\/\/dornisoft.es\/dornioraculo\">Dornioraculo<\/a> Horarios Astronomicos<\/p>\n\n\n\n<p><a href=\"https:\/\/dornisoft.es\/preguntas\/\" target=\"_blank\" rel=\"noreferrer noopener\" aria-label=\"Preguntas sobre Cervantes: (se abre en una nueva pesta\u00f1a)\">Preguntas sobre Cervantes:<\/a> 3 preguntas r\u00e1pidas sobre la vida de Cervantes<\/p>\n\n\n\n<p><a rel=\"noreferrer noopener\" aria-label=\"Temporizador: (se abre en una nueva pesta\u00f1a)\" href=\"https:\/\/dornisoft.es\/temporizador\" target=\"_blank\">Temporizador:<\/a> En esta aplicaci\u00f3n que est\u00e1 en desarrollo se ofrece una cuenta atras en segundos<\/p>\n\n\n\n<p><a rel=\"noreferrer noopener\" aria-label=\"DorniShop: (se abre en una nueva pesta\u00f1a)\" href=\"https:\/\/dornisoft.es\/dornishop\" target=\"_blank\">DorniShop:<\/a>Por ahora en periodo de pruebas, pero en breve podr\u00e1s comprar los articulos mas ex\u00f3ticos <\/p>\n\n\n\n<p><a rel=\"noreferrer noopener\" aria-label=\"TengoSed (se abre en una nueva pesta\u00f1a)\" href=\"https:\/\/dornisoft.es\/tengosed\" target=\"_blank\">TengoSed<\/a>: Es una aplicaci\u00f3n en la que la intenci\u00f3n es tener localizadas las fuentes de agua de la ciudad de A Coru\u00f1a, como no disponemos de la localizaci\u00f3n de todas las fuentes, proponemos la colaboraci\u00f3n de los usuarios para localizar las fuentes, a\u00f1adiendo la localizaci\u00f3n de las fuentes que conozcas. Disponemos de unas 60 fuentes localizadas, puedes subir fotos y comentarios de las fuentes para saber en que estado se encuentran. <br><\/p>\n\n\n\n<p><a rel=\"noreferrer noopener\" aria-label=\"Juego Ahorcado: (se abre en una nueva pesta\u00f1a)\" href=\"https:\/\/dornisoft.es\/palabras\" target=\"_blank\">Juego Ahorcado:<\/a> Si te gustan los juegos de palabras, con el juego del ahorcado podras divertirte acertando la palabra en menos de 8 intentos, contamos con una base de datos de 91000 palabras. <br><\/p>\n\n\n\n<p><a rel=\"noreferrer noopener\" aria-label=\"Pachanga: (se abre en una nueva pesta\u00f1a)\" href=\"https:\/\/dornisoft.es\/pachanga\" target=\"_blank\">Pachanga:<\/a> Con la aplicaci\u00f3n Pachanga podr\u00e1s contactar con gente para jugar partidos de diferentes deportes (ajedrez, futbol, baloncesto, tenis, pinpong, padel) mediante un registro en la aplicaci\u00f3n podras crear un partido del deporte que mas te guste(tendr\u00e1s que situar el lugar del partido en un mapa para que los otros usuarios puedan encontrar la ubicaci\u00f3n del partido y asi poder jugarlo) y los usuarios de la aplicaci\u00f3n se iran apuntando. Luego podr\u00e1s votar por la deportividad de tus compa\u00f1eros y al acabar el encuentro tendr\u00e1s la opci\u00f3n de editar el resultado y asi conseguir puntos de calidad en tu perfil. <br><\/p>\n\n\n\n<p><a rel=\"noreferrer noopener\" aria-label=\"Calculadora a\u00f1os bisiestos:  (se abre en una nueva pesta\u00f1a)\" href=\"https:\/\/dornisoft.es\/dorniblog\/index.php\/calculadora-de-anos-bisiestos\/\" target=\"_blank\">Calculadora a\u00f1os bisiestos: <\/a> Con esta aplicaci\u00f3n podras calcular los a\u00f1os bisiestos introduciendo un a\u00f1o de inicio y un a\u00f1o de fin.<br><\/p>\n\n\n\n<p><a href=\"https:\/\/dornisoft.es\/dorniblog\/index.php\/calculadora-anos-xacobeos\/\" target=\"_blank\" rel=\"noreferrer noopener\" aria-label=\"Calculadora a\u00f1os Xacobeos: (se abre en una nueva pesta\u00f1a)\">Calculadora a\u00f1os Xacobeos:<\/a> Con esta aplicacion podras calcular los a\u00f1os en los que el 25 de Julio(d\u00eda de Santiago) es domingo.<\/p>\n\n\n\n<p><a rel=\"noreferrer noopener\" aria-label=\"Canal de Telegram:  (se abre en una nueva pesta\u00f1a)\" href=\"https:\/\/t.me\/DorniSoft\" target=\"_blank\">Canal de Telegram: <\/a> Contamos con un canal de novedades en Telegram.<\/p>\n\n\n\n<p><\/p>\n\n\n\n<p><\/p>\n","protected":false},"excerpt":{"rendered":"<p>DorniSoft cuenta actualmente con una serie de aplicaciones web: Covid-19: Evoluci\u00f3n de la pandemia en el mundo, Espa\u00f1a y Galicia. Predicci\u00f3n del tiempo mareas y oleaje en A Coru\u00f1a: Contamos con predicci\u00f3n del estado del mar y del tiempo con fuentes contrastadas Dornioraculo Horarios Astronomicos Preguntas sobre Cervantes: 3 preguntas r\u00e1pidas sobre la vida de &hellip; <a href=\"https:\/\/dornisoft.es\/dorniblog\/aplicaciones\/\" class=\"more-link\">Continuar leyendo<span class=\"screen-reader-text\"> \u00abAplicaciones\u00bb<\/span><\/a><\/p>\n","protected":false},"author":1,"featured_media":0,"parent":0,"menu_order":0,"comment_status":"closed","ping_status":"closed","template":"","meta":{"footnotes":""},"class_list":["post-165","page","type-page","status-publish","hentry"],"_links":{"self":[{"href":"https:\/\/dornisoft.es\/dorniblog\/wp-json\/wp\/v2\/pages\/165","targetHints":{"allow":["GET"]}}],"collection":[{"href":"https:\/\/dornisoft.es\/dorniblog\/wp-json\/wp\/v2\/pages"}],"about":[{"href":"https:\/\/dornisoft.es\/dorniblog\/wp-json\/wp\/v2\/types\/page"}],"author":[{"embeddable":true,"href":"https:\/\/dornisoft.es\/dorniblog\/wp-json\/wp\/v2\/users\/1"}],"replies":[{"embeddable":true,"href":"https:\/\/dornisoft.es\/dorniblog\/wp-json\/wp\/v2\/comments?post=165"}],"version-history":[{"count":5,"href":"https:\/\/dornisoft.es\/dorniblog\/wp-json\/wp\/v2\/pages\/165\/revisions"}],"predecessor-version":[{"id":2859,"href":"https:\/\/dornisoft.es\/dorniblog\/wp-json\/wp\/v2\/pages\/165\/revisions\/2859"}],"wp:attachment":[{"href":"https:\/\/dornisoft.es\/dorniblog\/wp-json\/wp\/v2\/media?parent=165"}],"curies":[{"name":"wp","href":"https:\/\/api.w.org\/{rel}","templated":true}]}}