

{"id":1302,"date":"2021-09-21T18:06:39","date_gmt":"2021-09-21T16:06:39","guid":{"rendered":"https:\/\/dornisoft.es\/dorniblog\/?page_id=1302"},"modified":"2025-11-12T22:09:46","modified_gmt":"2025-11-12T21:09:46","slug":"sonometro","status":"publish","type":"page","link":"https:\/\/dornisoft.es\/dorniblog\/sonometro\/","title":{"rendered":"Son\u00f3metro 15004 A Coru\u00f1a"},"content":{"rendered":"\n<iframe loading=\"lazy\" style=\"border: 1px solid #cccccc;\" src=\"https:\/\/thingspeak.com\/channels\/1509356\/widgets\/359803\" width=\"450\" height=\"260\"><\/iframe>\n\n\n\n<p>En este art\u00edculo presentamos el Dorni-Son\u00f3metro donde podras consultar los decibelios de A Coru\u00f1a en su distrito 15004. La primera imagen muestra el \u00faltimo valor medido por el son\u00f3metro, y la segunda imagen muestra la gr\u00e1fica de los \u00faltimos valores obtenidos.<\/p>\n\n\n\n<p>Este son\u00f3metro est\u00e1 construido basandonos en <a href=\"http:\/\/deeea.urv.cat\/public\/PROPOSTES\/pub\/pdf\/2495pub.pdf\">este proyecto<\/a> de Arduino y en estos <a href=\"https:\/\/dornisoft.es\/arduino\/sonometro.php\" target=\"_blank\">datos.<\/a> <br>Con \u00e9sto se intenta medir el valor de los ruidos y comprobar si la ciudad de A Coru\u00f1a supera los limites de ruido que dificultan el descanso.<\/p>\n\n\n\n<p>Tambien hemos a\u00f1adido un sensor de presi\u00f3n y temperatura al proyecto:<\/p>\n\n\n\n<iframe loading=\"lazy\" style=\"border: 1px solid #cccccc;\" src=\"https:\/\/dornisoft.es\/arduino\/frame-sonometro.php\" width=\"850\" height=\"760\"><\/iframe>\n\n\n\n<iframe loading=\"lazy\" style=\"border: 1px solid #cccccc;\" src=\"https:\/\/dornisoft.es\/arduino\/frame-presion.php\" width=\"850\" height=\"760\"><\/iframe>\n\n\n\n<iframe loading=\"lazy\" style=\"border: 1px solid #cccccc;\" src=\"https:\/\/dornisoft.es\/arduino\/frame-temperatura.php\" width=\"850\" height=\"760\"><\/iframe>\n\n\n\n<p>Esperamos que os guste \ud83d\ude42 <\/p>\n","protected":false},"excerpt":{"rendered":"<p>En este art\u00edculo presentamos el Dorni-Son\u00f3metro donde podras consultar los decibelios de A Coru\u00f1a en su distrito 15004. La primera imagen muestra el \u00faltimo valor medido por el son\u00f3metro, y la segunda imagen muestra la gr\u00e1fica de los \u00faltimos valores obtenidos. Este son\u00f3metro est\u00e1 construido basandonos en este proyecto de Arduino y en estos datos. &hellip; <a href=\"https:\/\/dornisoft.es\/dorniblog\/sonometro\/\" class=\"more-link\">Continuar leyendo<span class=\"screen-reader-text\"> \u00abSon\u00f3metro 15004 A Coru\u00f1a\u00bb<\/span><\/a><\/p>\n","protected":false},"author":1,"featured_media":0,"parent":0,"menu_order":0,"comment_status":"closed","ping_status":"closed","template":"","meta":{"footnotes":""},"class_list":["post-1302","page","type-page","status-publish","hentry"],"_links":{"self":[{"href":"https:\/\/dornisoft.es\/dorniblog\/wp-json\/wp\/v2\/pages\/1302","targetHints":{"allow":["GET"]}}],"collection":[{"href":"https:\/\/dornisoft.es\/dorniblog\/wp-json\/wp\/v2\/pages"}],"about":[{"href":"https:\/\/dornisoft.es\/dorniblog\/wp-json\/wp\/v2\/types\/page"}],"author":[{"embeddable":true,"href":"https:\/\/dornisoft.es\/dorniblog\/wp-json\/wp\/v2\/users\/1"}],"replies":[{"embeddable":true,"href":"https:\/\/dornisoft.es\/dorniblog\/wp-json\/wp\/v2\/comments?post=1302"}],"version-history":[{"count":31,"href":"https:\/\/dornisoft.es\/dorniblog\/wp-json\/wp\/v2\/pages\/1302\/revisions"}],"predecessor-version":[{"id":2749,"href":"https:\/\/dornisoft.es\/dorniblog\/wp-json\/wp\/v2\/pages\/1302\/revisions\/2749"}],"wp:attachment":[{"href":"https:\/\/dornisoft.es\/dorniblog\/wp-json\/wp\/v2\/media?parent=1302"}],"curies":[{"name":"wp","href":"https:\/\/api.w.org\/{rel}","templated":true}]}}