{"id":9,"date":"2019-07-30T19:00:18","date_gmt":"2019-07-30T17:00:18","guid":{"rendered":"https:\/\/dornisoft.es\/dorni\/?page_id=9"},"modified":"2024-12-22T11:33:24","modified_gmt":"2024-12-22T10:33:24","slug":"acerca-de","status":"publish","type":"page","link":"https:\/\/dornisoft.es\/dorni\/index.php\/acerca-de\/","title":{"rendered":"Acerca de"},"content":{"rendered":"<p lang=\"es-ES\"><span lang=\"es-ES-u-co-trad\">Dorni de la Calva\u00a0 es Doctor Ingeniero Industrial y ha dedicado su vida profesional a la planificaci\u00f3n el\u00e9ctrica de varios pa\u00edses de Europa y Am\u00e9rica. Para la realizaci\u00f3n de su actividad ha colaborado de forma permanente con distintas Universidades, desarrollando labores docentes en las de Madrid y Vigo.<\/span><\/p>\n<p lang=\"es-ES\"><span lang=\"es-ES-u-co-trad\">Desde el a\u00f1o 2010 se ha volcado en el an\u00e1lisis y evoluci\u00f3n del arte y pensamiento cristiano y de buscar sus or\u00edgenes en el mundo pagano. <\/span><\/p>\n<p>Puedes contactar por e-mail:<\/p>\n\n\n<a href=\"mailto:dorni@dornisoft.es\">dorni@dornisoft.es<\/a>\n","protected":false},"excerpt":{"rendered":"<p>Dorni de la Calva\u00a0 es Doctor Ingeniero Industrial y ha dedicado su vida profesional a la planificaci\u00f3n el\u00e9ctrica de varios pa\u00edses de Europa y Am\u00e9rica. Para la realizaci\u00f3n de su actividad ha colaborado de forma permanente con distintas Universidades, desarrollando labores docentes en las de Madrid y Vigo. Desde el a\u00f1o 2010 se ha volcado&hellip; <br \/> <a class=\"read-more\" href=\"https:\/\/dornisoft.es\/dorni\/index.php\/acerca-de\/\">Leer m\u00e1s<\/a><\/p>\n","protected":false},"author":1,"featured_media":33,"parent":0,"menu_order":0,"comment_status":"closed","ping_status":"closed","template":"","meta":{"footnotes":""},"class_list":["post-9","page","type-page","status-publish","has-post-thumbnail","hentry"],"_links":{"self":[{"href":"https:\/\/dornisoft.es\/dorni\/index.php\/wp-json\/wp\/v2\/pages\/9","targetHints":{"allow":["GET"]}}],"collection":[{"href":"https:\/\/dornisoft.es\/dorni\/index.php\/wp-json\/wp\/v2\/pages"}],"about":[{"href":"https:\/\/dornisoft.es\/dorni\/index.php\/wp-json\/wp\/v2\/types\/page"}],"author":[{"embeddable":true,"href":"https:\/\/dornisoft.es\/dorni\/index.php\/wp-json\/wp\/v2\/users\/1"}],"replies":[{"embeddable":true,"href":"https:\/\/dornisoft.es\/dorni\/index.php\/wp-json\/wp\/v2\/comments?post=9"}],"version-history":[{"count":11,"href":"https:\/\/dornisoft.es\/dorni\/index.php\/wp-json\/wp\/v2\/pages\/9\/revisions"}],"predecessor-version":[{"id":476,"href":"https:\/\/dornisoft.es\/dorni\/index.php\/wp-json\/wp\/v2\/pages\/9\/revisions\/476"}],"wp:featuredmedia":[{"embeddable":true,"href":"https:\/\/dornisoft.es\/dorni\/index.php\/wp-json\/wp\/v2\/media\/33"}],"wp:attachment":[{"href":"https:\/\/dornisoft.es\/dorni\/index.php\/wp-json\/wp\/v2\/media?parent=9"}],"curies":[{"name":"wp","href":"https:\/\/api.w.org\/{rel}","templated":true}]}}